{"id":145,"date":"2025-12-03T15:06:07","date_gmt":"2025-12-03T18:06:07","guid":{"rendered":"https:\/\/c-auditor.cl\/?page_id=145"},"modified":"2025-12-10T19:05:44","modified_gmt":"2025-12-10T22:05:44","slug":"nosotros","status":"publish","type":"page","link":"https:\/\/c-auditor.cl\/index.php\/nosotros\/","title":{"rendered":""},"content":{"rendered":"\t\t<div data-elementor-type=\"wp-page\" data-elementor-id=\"145\" class=\"elementor elementor-145\" data-elementor-settings=\"{&quot;ha_cmc_init_switcher&quot;:&quot;no&quot;}\">\n\t\t\t\t<div class=\"elementor-element elementor-element-e327b4e e-grid e-con-boxed e-con e-parent\" data-id=\"e327b4e\" data-element_type=\"container\" data-settings=\"{&quot;_ha_eqh_enable&quot;:false}\">\n\t\t\t\t\t<div class=\"e-con-inner\">\n\t\t\t\t<div class=\"elementor-element elementor-element-3fcc0c8 elementor-widget elementor-widget-heading\" data-id=\"3fcc0c8\" data-element_type=\"widget\" data-widget_type=\"heading.default\">\n\t\t\t\t<div class=\"elementor-widget-container\">\n\t\t\t\t\t<h2 class=\"elementor-heading-title elementor-size-default\"><h2 style=\"font-family: Outfit, sans-serif;max-width: 760px;font-size: 56.8px !important;margin-left: auto !important;margin-right: auto !important\">Misi\u00f3n<span style=\"font-family: Roboto, sans-serif;font-size: 42.56px;font-weight: 600\"><\/span><\/h2><\/h2>\t\t\t\t<\/div>\n\t\t\t\t<\/div>\n\t\t\t\t<div class=\"elementor-element elementor-element-4355cb9 elementor-widget elementor-widget-text-editor\" data-id=\"4355cb9\" data-element_type=\"widget\" data-widget_type=\"text-editor.default\">\n\t\t\t\t<div class=\"elementor-widget-container\">\n\t\t\t\t\t\t\t\t\t<p>En Thales Consultor\u00eda, trabajamos para que las pymes y startups puedan crecer con confianza. Nuestro prop\u00f3sito es acompa\u00f1arlas con asesor\u00eda contable, tributaria y de recursos humanos de alto nivel, entregada con cercan\u00eda, transparencia y un compromiso real. M\u00e1s que cumplir, buscamos impulsar. Porque detr\u00e1s de cada n\u00famero, hay una historia, un sue\u00f1o y un equipo que merece avanzar seguro.<\/p>\t\t\t\t\t\t\t\t<\/div>\n\t\t\t\t<\/div>\n\t\t\t\t\t<\/div>\n\t\t\t\t<\/div>\n\t\t<div class=\"elementor-element elementor-element-0786ffc e-grid e-con-boxed e-con e-parent\" data-id=\"0786ffc\" data-element_type=\"container\" data-settings=\"{&quot;_ha_eqh_enable&quot;:false}\">\n\t\t\t\t\t<div class=\"e-con-inner\">\n\t\t\t\t<div class=\"elementor-element elementor-element-c6c4968 elementor-widget elementor-widget-heading\" data-id=\"c6c4968\" data-element_type=\"widget\" data-widget_type=\"heading.default\">\n\t\t\t\t<div class=\"elementor-widget-container\">\n\t\t\t\t\t<h2 class=\"elementor-heading-title elementor-size-default\"><h2 style=\"font-family: Outfit, sans-serif;max-width: 760px;font-size: 56.8px !important;margin-left: auto !important;margin-right: auto !important\">Visi\u00f3n<span style=\"font-family: Roboto, sans-serif;font-size: 42.56px;font-weight: 600\"><\/span><\/h2><\/h2>\t\t\t\t<\/div>\n\t\t\t\t<\/div>\n\t\t\t\t<div class=\"elementor-element elementor-element-2668862 elementor-widget elementor-widget-text-editor\" data-id=\"2668862\" data-element_type=\"widget\" data-widget_type=\"text-editor.default\">\n\t\t\t\t<div class=\"elementor-widget-container\">\n\t\t\t\t\t\t\t\t\t<p>So\u00f1amos con ser la consultora que las empresas recuerdan no solo por resolver, sino por estar. Ser el aliado que aporta claridad en la incertidumbre, respuestas en los momentos clave, y estrategia para construir futuro.<br \/>Queremos que nuestros clientes vean en nosotros un socio confiable que transforma lo t\u00e9cnico en confianza y crecimiento.<\/p>\t\t\t\t\t\t\t\t<\/div>\n\t\t\t\t<\/div>\n\t\t\t\t\t<\/div>\n\t\t\t\t<\/div>\n\t\t<div class=\"elementor-element elementor-element-36ecb30 e-grid e-con-boxed e-con e-parent\" data-id=\"36ecb30\" data-element_type=\"container\" data-settings=\"{&quot;_ha_eqh_enable&quot;:false}\">\n\t\t\t\t\t<div class=\"e-con-inner\">\n\t\t\t\t<div class=\"elementor-element elementor-element-7c1763a elementor-widget elementor-widget-heading\" data-id=\"7c1763a\" data-element_type=\"widget\" data-widget_type=\"heading.default\">\n\t\t\t\t<div class=\"elementor-widget-container\">\n\t\t\t\t\t<h2 class=\"elementor-heading-title elementor-size-default\"><h2 style=\"font-family: Outfit, sans-serif;max-width: 760px;font-size: 56.8px !important;margin-left: auto !important;margin-right: auto !important\">Qui\u00e9nes somos<span style=\"font-family: Roboto, sans-serif;font-size: 42.56px;font-weight: 600\"><\/span><\/h2><\/h2>\t\t\t\t<\/div>\n\t\t\t\t<\/div>\n\t\t\t\t<div class=\"elementor-element elementor-element-1485be7 elementor-position-left elementor-vertical-align-top elementor-widget elementor-widget-image-box\" data-id=\"1485be7\" data-element_type=\"widget\" data-widget_type=\"image-box.default\">\n\t\t\t\t<div class=\"elementor-widget-container\">\n\t\t\t\t\t<div class=\"elementor-image-box-wrapper\"><figure class=\"elementor-image-box-img\"><img fetchpriority=\"high\" decoding=\"async\" width=\"768\" height=\"768\" src=\"https:\/\/c-auditor.cl\/wp-content\/uploads\/2025\/12\/3e9736e1-6dfc-43bf-a546-fe5f244547d6-768x768.png\" class=\"attachment-medium_large size-medium_large wp-image-139\" alt=\"\" srcset=\"https:\/\/c-auditor.cl\/wp-content\/uploads\/2025\/12\/3e9736e1-6dfc-43bf-a546-fe5f244547d6-768x768.png 768w, https:\/\/c-auditor.cl\/wp-content\/uploads\/2025\/12\/3e9736e1-6dfc-43bf-a546-fe5f244547d6-300x300.png 300w, https:\/\/c-auditor.cl\/wp-content\/uploads\/2025\/12\/3e9736e1-6dfc-43bf-a546-fe5f244547d6-150x150.png 150w, https:\/\/c-auditor.cl\/wp-content\/uploads\/2025\/12\/3e9736e1-6dfc-43bf-a546-fe5f244547d6.png 1024w\" sizes=\"(max-width: 768px) 100vw, 768px\" \/><\/figure><div class=\"elementor-image-box-content\"><h3 class=\"elementor-image-box-title\">Scarleth Nu\u00f1ez<\/h3><p class=\"elementor-image-box-description\">Auditora, hoy a cargo de Finanzas y RRHH. Gestiona procesos claves como remuneraciones, compras, ventas y tr\u00e1mites legales. Se destaca por su responsabilidad, orden y cercan\u00eda.<\/p><\/div><\/div>\t\t\t\t<\/div>\n\t\t\t\t<\/div>\n\t\t\t\t\t<\/div>\n\t\t\t\t<\/div>\n\t\t<div class=\"elementor-element elementor-element-65c2e18 e-grid e-con-boxed e-con e-parent\" data-id=\"65c2e18\" data-element_type=\"container\" data-settings=\"{&quot;_ha_eqh_enable&quot;:false}\">\n\t\t\t\t\t<div class=\"e-con-inner\">\n\t\t\t\t<div class=\"elementor-element elementor-element-35d7394 elementor-widget elementor-widget-spacer\" data-id=\"35d7394\" data-element_type=\"widget\" data-widget_type=\"spacer.default\">\n\t\t\t\t<div class=\"elementor-widget-container\">\n\t\t\t\t\t\t\t<div class=\"elementor-spacer\">\n\t\t\t<div class=\"elementor-spacer-inner\"><\/div>\n\t\t<\/div>\n\t\t\t\t\t\t<\/div>\n\t\t\t\t<\/div>\n\t\t\t\t\t<\/div>\n\t\t\t\t<\/div>\n\t\t<div class=\"elementor-element elementor-element-6aabb53 e-flex e-con-boxed e-con e-parent\" data-id=\"6aabb53\" data-element_type=\"container\" data-settings=\"{&quot;_ha_eqh_enable&quot;:false}\">\n\t\t\t\t\t<div class=\"e-con-inner\">\n\t\t\t\t<div class=\"elementor-element elementor-element-df656cc elementor-position-left elementor-vertical-align-top elementor-widget elementor-widget-image-box\" data-id=\"df656cc\" data-element_type=\"widget\" data-widget_type=\"image-box.default\">\n\t\t\t\t<div class=\"elementor-widget-container\">\n\t\t\t\t\t<div class=\"elementor-image-box-wrapper\"><figure class=\"elementor-image-box-img\"><img decoding=\"async\" width=\"1024\" height=\"1024\" src=\"https:\/\/c-auditor.cl\/wp-content\/uploads\/2025\/12\/28606154-7a15-40fa-91af-65cc7fc0790d.png\" class=\"attachment-full size-full wp-image-197\" alt=\"\" srcset=\"https:\/\/c-auditor.cl\/wp-content\/uploads\/2025\/12\/28606154-7a15-40fa-91af-65cc7fc0790d.png 1024w, https:\/\/c-auditor.cl\/wp-content\/uploads\/2025\/12\/28606154-7a15-40fa-91af-65cc7fc0790d-300x300.png 300w, https:\/\/c-auditor.cl\/wp-content\/uploads\/2025\/12\/28606154-7a15-40fa-91af-65cc7fc0790d-150x150.png 150w, https:\/\/c-auditor.cl\/wp-content\/uploads\/2025\/12\/28606154-7a15-40fa-91af-65cc7fc0790d-768x768.png 768w\" sizes=\"(max-width: 1024px) 100vw, 1024px\" \/><\/figure><div class=\"elementor-image-box-content\"><h3 class=\"elementor-image-box-title\">Jaime Lizana<\/h3><p class=\"elementor-image-box-description\">Contador Auditor y fundador. Hoy lidera como CEO, combinando su experiencia tributaria con asesor\u00edas directas a clientes. Destaca por su cercan\u00eda, visi\u00f3n de negocio y capacidad para guiar al equipo.<\/p><\/div><\/div>\t\t\t\t<\/div>\n\t\t\t\t<\/div>\n\t\t\t\t\t<\/div>\n\t\t\t\t<\/div>\n\t\t\t\t<\/div>\n\t\t","protected":false},"excerpt":{"rendered":"<p>Misi\u00f3n En Thales Consultor\u00eda, trabajamos para que las pymes y startups puedan crecer con confianza. Nuestro prop\u00f3sito es acompa\u00f1arlas con asesor\u00eda contable, tributaria y de recursos humanos de alto nivel, entregada con cercan\u00eda, transparencia y un compromiso real. M\u00e1s que cumplir, buscamos impulsar. Porque detr\u00e1s de cada n\u00famero, hay una historia, un sue\u00f1o y un [&hellip;]<\/p>\n","protected":false},"author":1,"featured_media":0,"parent":0,"menu_order":0,"comment_status":"closed","ping_status":"closed","template":"","meta":{"_joinchat":[],"footnotes":""},"class_list":["post-145","page","type-page","status-publish","hentry"],"_links":{"self":[{"href":"https:\/\/c-auditor.cl\/index.php\/wp-json\/wp\/v2\/pages\/145","targetHints":{"allow":["GET"]}}],"collection":[{"href":"https:\/\/c-auditor.cl\/index.php\/wp-json\/wp\/v2\/pages"}],"about":[{"href":"https:\/\/c-auditor.cl\/index.php\/wp-json\/wp\/v2\/types\/page"}],"author":[{"embeddable":true,"href":"https:\/\/c-auditor.cl\/index.php\/wp-json\/wp\/v2\/users\/1"}],"replies":[{"embeddable":true,"href":"https:\/\/c-auditor.cl\/index.php\/wp-json\/wp\/v2\/comments?post=145"}],"version-history":[{"count":26,"href":"https:\/\/c-auditor.cl\/index.php\/wp-json\/wp\/v2\/pages\/145\/revisions"}],"predecessor-version":[{"id":304,"href":"https:\/\/c-auditor.cl\/index.php\/wp-json\/wp\/v2\/pages\/145\/revisions\/304"}],"wp:attachment":[{"href":"https:\/\/c-auditor.cl\/index.php\/wp-json\/wp\/v2\/media?parent=145"}],"curies":[{"name":"wp","href":"https:\/\/api.w.org\/{rel}","templated":true}]}}